{"id":168,"date":"2021-03-09T07:46:17","date_gmt":"2021-03-09T07:46:17","guid":{"rendered":"https:\/\/www.lamendola.eu\/home\/"},"modified":"2026-04-01T06:30:05","modified_gmt":"2026-04-01T06:30:05","slug":"home","status":"publish","type":"page","link":"https:\/\/www.lamendola.eu\/it\/","title":{"rendered":"5 STELLE CHALET"},"content":{"rendered":"\n<h1 class=\"wp-block-heading\">Vacanze <\/h1>\n\n\n\n<h1 class=\"wp-block-heading unterueberschrift\">in Alto Adige | Trentino<\/h1>\n\n\n\n<hr class=\"wp-block-separator has-text-color has-css-opacity has-background trennlinie\" style=\"background-color:#c9c8c7;color:#c9c8c7\"\/>\n\n\n\n<p>L\u2019esclusivo La Mendola Alm-Chalet \u2013 la vostra destinazione di vacanza per famiglie, amici, coppie, cani e amanti del relax in Alto Adige!<\/p>\n\n\n\n<p>Vacanze nel cuore delle montagne altoatesine. Uno chalet lussuoso e raffinato, realizzato con materiali naturali locali, con <strong>vasca idromassaggio privata e sauna finlandese<\/strong> \u2013 design alpino, ricco di calore e atmosfera. Immerso in uno scenario mozzafiato tra Alto Adige e Trentino, offre un rifugio di pace, chiarezza e leggerezza \u2013 ideale per giornate rilassanti con i vostri cari.<\/p>\n\n\n\n<p>Il Chalet La Mendola conquista con il suo fascino autentico, ambienti luminosi e la potente semplicit\u00e0 della natura. Qui i ricordi nascono spontaneamente \u2013 nei momenti di silenzio, negli ampi panorami e nella sensazione di sentirsi finalmente a casa.<\/p>\n\n\n\n<p>Benvenuti a La Mendola. Benvenuti a casa.<\/p>\n\n\n\n<p><br><\/p>\n\n\n\n<p><\/p>\n","protected":false},"excerpt":{"rendered":"<p>Vacanze in Alto Adige | Trentino L\u2019esclusivo La Mendola Alm-Chalet \u2013 la vostra destinazione di vacanza per famiglie, amici, coppie, cani e amanti del relax in<span class=\"excerpt-hellip\"> [\u2026]<\/span><\/p>\n","protected":false},"author":1,"featured_media":974,"parent":0,"menu_order":0,"comment_status":"closed","ping_status":"closed","template":"","meta":{"footnotes":""},"yoast_head":"<!-- This site is optimized with the Yoast SEO plugin v22.2 - https:\/\/yoast.com\/wordpress\/plugins\/seo\/ -->\n<title>Chalet mieten am Mendelpass: der etwas andere Urlaub<\/title>\n<meta name=\"description\" content=\"Warum nicht einmal ein Chalet mieten? Romantische Ferientage in der Almh\u00fctte La Mendola, das Chalet mit stilvollem Luxus und viel Gem\u00fctlichkeit. Chalet mieten f\u00fcr Individualisten: mit Freunden, der Familie oder allein zu zweit!\" \/>\n<meta name=\"robots\" content=\"index, follow, max-snippet:-1, max-image-preview:large, max-video-preview:-1\" \/>\n<link rel=\"canonical\" href=\"https:\/\/www.lamendola.eu\/it\/\" \/>\n<meta property=\"og:locale\" content=\"it_IT\" \/>\n<meta property=\"og:type\" content=\"article\" \/>\n<meta property=\"og:title\" content=\"Chalet mieten am Mendelpass: der etwas andere Urlaub\" \/>\n<meta property=\"og:description\" content=\"Warum nicht einmal ein Chalet mieten? Romantische Ferientage in der Almh\u00fctte La Mendola, das Chalet mit stilvollem Luxus und viel Gem\u00fctlichkeit. Chalet mieten f\u00fcr Individualisten: mit Freunden, der Familie oder allein zu zweit!\" \/>\n<meta property=\"og:url\" content=\"https:\/\/www.lamendola.eu\/it\/\" \/>\n<meta property=\"og:site_name\" content=\"lamendola\" \/>\n<meta property=\"article:modified_time\" content=\"2026-04-01T06:30:05+00:00\" \/>\n<meta property=\"og:image\" content=\"https:\/\/www.lamendola.eu\/wp-content\/uploads\/La_Mendola_Outdoor_Jacuzzi\u00a9NadinCarli-20-scaled.jpg\" \/>\n\t<meta property=\"og:image:width\" content=\"2560\" \/>\n\t<meta property=\"og:image:height\" content=\"1707\" \/>\n\t<meta property=\"og:image:type\" content=\"image\/jpeg\" \/>\n<meta name=\"twitter:card\" content=\"summary_large_image\" \/>\n<meta name=\"twitter:label1\" content=\"Tempo di lettura stimato\" \/>\n\t<meta name=\"twitter:data1\" content=\"1 minuto\" \/>\n<script type=\"application\/ld+json\" class=\"yoast-schema-graph\">{\"@context\":\"https:\/\/schema.org\",\"@graph\":[{\"@type\":\"WebPage\",\"@id\":\"https:\/\/www.lamendola.eu\/it\/\",\"url\":\"https:\/\/www.lamendola.eu\/it\/\",\"name\":\"Chalet mieten am Mendelpass: der etwas andere Urlaub\",\"isPartOf\":{\"@id\":\"https:\/\/www.lamendola.eu\/it\/#website\"},\"primaryImageOfPage\":{\"@id\":\"https:\/\/www.lamendola.eu\/it\/#primaryimage\"},\"image\":{\"@id\":\"https:\/\/www.lamendola.eu\/it\/#primaryimage\"},\"thumbnailUrl\":\"https:\/\/www.lamendola.eu\/wp-content\/uploads\/La_Mendola_Outdoor_Jacuzzi\u00a9NadinCarli-20-scaled.jpg\",\"datePublished\":\"2021-03-09T07:46:17+00:00\",\"dateModified\":\"2026-04-01T06:30:05+00:00\",\"description\":\"Warum nicht einmal ein Chalet mieten? Romantische Ferientage in der Almh\u00fctte La Mendola, das Chalet mit stilvollem Luxus und viel Gem\u00fctlichkeit. Chalet mieten f\u00fcr Individualisten: mit Freunden, der Familie oder allein zu zweit!\",\"breadcrumb\":{\"@id\":\"https:\/\/www.lamendola.eu\/it\/#breadcrumb\"},\"inLanguage\":\"it-IT\",\"potentialAction\":[{\"@type\":\"ReadAction\",\"target\":[\"https:\/\/www.lamendola.eu\/it\/\"]}]},{\"@type\":\"ImageObject\",\"inLanguage\":\"it-IT\",\"@id\":\"https:\/\/www.lamendola.eu\/it\/#primaryimage\",\"url\":\"https:\/\/www.lamendola.eu\/wp-content\/uploads\/La_Mendola_Outdoor_Jacuzzi\u00a9NadinCarli-20-scaled.jpg\",\"contentUrl\":\"https:\/\/www.lamendola.eu\/wp-content\/uploads\/La_Mendola_Outdoor_Jacuzzi\u00a9NadinCarli-20-scaled.jpg\",\"width\":2560,\"height\":1707},{\"@type\":\"BreadcrumbList\",\"@id\":\"https:\/\/www.lamendola.eu\/it\/#breadcrumb\",\"itemListElement\":[{\"@type\":\"ListItem\",\"position\":1,\"name\":\"Home\",\"item\":\"https:\/\/www.lamendola.eu\/it\/\"},{\"@type\":\"ListItem\",\"position\":2,\"name\":\"5 STELLE CHALET\"}]},{\"@type\":\"WebSite\",\"@id\":\"https:\/\/www.lamendola.eu\/it\/#website\",\"url\":\"https:\/\/www.lamendola.eu\/it\/\",\"name\":\"lamendola\",\"description\":\"Alm-Chalet\",\"potentialAction\":[{\"@type\":\"SearchAction\",\"target\":{\"@type\":\"EntryPoint\",\"urlTemplate\":\"https:\/\/www.lamendola.eu\/it\/?s={search_term_string}\"},\"query-input\":\"required name=search_term_string\"}],\"inLanguage\":\"it-IT\"}]}<\/script>\n<!-- \/ Yoast SEO plugin. -->","yoast_head_json":{"title":"Chalet mieten am Mendelpass: der etwas andere Urlaub","description":"Warum nicht einmal ein Chalet mieten? Romantische Ferientage in der Almh\u00fctte La Mendola, das Chalet mit stilvollem Luxus und viel Gem\u00fctlichkeit. Chalet mieten f\u00fcr Individualisten: mit Freunden, der Familie oder allein zu zweit!","robots":{"index":"index","follow":"follow","max-snippet":"max-snippet:-1","max-image-preview":"max-image-preview:large","max-video-preview":"max-video-preview:-1"},"canonical":"https:\/\/www.lamendola.eu\/it\/","og_locale":"it_IT","og_type":"article","og_title":"Chalet mieten am Mendelpass: der etwas andere Urlaub","og_description":"Warum nicht einmal ein Chalet mieten? Romantische Ferientage in der Almh\u00fctte La Mendola, das Chalet mit stilvollem Luxus und viel Gem\u00fctlichkeit. Chalet mieten f\u00fcr Individualisten: mit Freunden, der Familie oder allein zu zweit!","og_url":"https:\/\/www.lamendola.eu\/it\/","og_site_name":"lamendola","article_modified_time":"2026-04-01T06:30:05+00:00","og_image":[{"width":2560,"height":1707,"url":"https:\/\/www.lamendola.eu\/wp-content\/uploads\/La_Mendola_Outdoor_Jacuzzi\u00a9NadinCarli-20-scaled.jpg","type":"image\/jpeg"}],"twitter_card":"summary_large_image","twitter_misc":{"Tempo di lettura stimato":"1 minuto"},"schema":{"@context":"https:\/\/schema.org","@graph":[{"@type":"WebPage","@id":"https:\/\/www.lamendola.eu\/it\/","url":"https:\/\/www.lamendola.eu\/it\/","name":"Chalet mieten am Mendelpass: der etwas andere Urlaub","isPartOf":{"@id":"https:\/\/www.lamendola.eu\/it\/#website"},"primaryImageOfPage":{"@id":"https:\/\/www.lamendola.eu\/it\/#primaryimage"},"image":{"@id":"https:\/\/www.lamendola.eu\/it\/#primaryimage"},"thumbnailUrl":"https:\/\/www.lamendola.eu\/wp-content\/uploads\/La_Mendola_Outdoor_Jacuzzi\u00a9NadinCarli-20-scaled.jpg","datePublished":"2021-03-09T07:46:17+00:00","dateModified":"2026-04-01T06:30:05+00:00","description":"Warum nicht einmal ein Chalet mieten? Romantische Ferientage in der Almh\u00fctte La Mendola, das Chalet mit stilvollem Luxus und viel Gem\u00fctlichkeit. Chalet mieten f\u00fcr Individualisten: mit Freunden, der Familie oder allein zu zweit!","breadcrumb":{"@id":"https:\/\/www.lamendola.eu\/it\/#breadcrumb"},"inLanguage":"it-IT","potentialAction":[{"@type":"ReadAction","target":["https:\/\/www.lamendola.eu\/it\/"]}]},{"@type":"ImageObject","inLanguage":"it-IT","@id":"https:\/\/www.lamendola.eu\/it\/#primaryimage","url":"https:\/\/www.lamendola.eu\/wp-content\/uploads\/La_Mendola_Outdoor_Jacuzzi\u00a9NadinCarli-20-scaled.jpg","contentUrl":"https:\/\/www.lamendola.eu\/wp-content\/uploads\/La_Mendola_Outdoor_Jacuzzi\u00a9NadinCarli-20-scaled.jpg","width":2560,"height":1707},{"@type":"BreadcrumbList","@id":"https:\/\/www.lamendola.eu\/it\/#breadcrumb","itemListElement":[{"@type":"ListItem","position":1,"name":"Home","item":"https:\/\/www.lamendola.eu\/it\/"},{"@type":"ListItem","position":2,"name":"5 STELLE CHALET"}]},{"@type":"WebSite","@id":"https:\/\/www.lamendola.eu\/it\/#website","url":"https:\/\/www.lamendola.eu\/it\/","name":"lamendola","description":"Alm-Chalet","potentialAction":[{"@type":"SearchAction","target":{"@type":"EntryPoint","urlTemplate":"https:\/\/www.lamendola.eu\/it\/?s={search_term_string}"},"query-input":"required name=search_term_string"}],"inLanguage":"it-IT"}]}},"_links":{"self":[{"href":"https:\/\/www.lamendola.eu\/it\/wp-json\/wp\/v2\/pages\/168"}],"collection":[{"href":"https:\/\/www.lamendola.eu\/it\/wp-json\/wp\/v2\/pages"}],"about":[{"href":"https:\/\/www.lamendola.eu\/it\/wp-json\/wp\/v2\/types\/page"}],"author":[{"embeddable":true,"href":"https:\/\/www.lamendola.eu\/it\/wp-json\/wp\/v2\/users\/1"}],"replies":[{"embeddable":true,"href":"https:\/\/www.lamendola.eu\/it\/wp-json\/wp\/v2\/comments?post=168"}],"version-history":[{"count":8,"href":"https:\/\/www.lamendola.eu\/it\/wp-json\/wp\/v2\/pages\/168\/revisions"}],"predecessor-version":[{"id":1045,"href":"https:\/\/www.lamendola.eu\/it\/wp-json\/wp\/v2\/pages\/168\/revisions\/1045"}],"wp:featuredmedia":[{"embeddable":true,"href":"https:\/\/www.lamendola.eu\/it\/wp-json\/wp\/v2\/media\/974"}],"wp:attachment":[{"href":"https:\/\/www.lamendola.eu\/it\/wp-json\/wp\/v2\/media?parent=168"}],"curies":[{"name":"wp","href":"https:\/\/api.w.org\/{rel}","templated":true}]}}