{"id":842,"date":"2022-11-02T13:51:46","date_gmt":"2022-11-02T13:51:46","guid":{"rendered":"https:\/\/www.lamendola.eu\/?page_id=842"},"modified":"2022-11-02T13:51:51","modified_gmt":"2022-11-02T13:51:51","slug":"enquries","status":"publish","type":"page","link":"https:\/\/www.lamendola.eu\/en\/enquries\/","title":{"rendered":"Enquries"},"content":{"rendered":"\n<h1>Enquiries<h1><h1 class=\"unterueberschrift\">Fields marked with * are mandatory<\/h1>\n\n\n\n<div class=\"wp-block-contact-form-7-contact-form-selector\">\n<div class=\"wpcf7 no-js\" id=\"wpcf7-f227-o1\" lang=\"de-DE\" dir=\"ltr\">\n<div class=\"screen-reader-response\"><p role=\"status\" aria-live=\"polite\" aria-atomic=\"true\"><\/p> <ul><\/ul><\/div>\n<form action=\"\/en\/wp-json\/wp\/v2\/pages\/842#wpcf7-f227-o1\" method=\"post\" class=\"wpcf7-form init\" aria-label=\"Kontaktformular\" novalidate=\"novalidate\" data-status=\"init\">\n<div style=\"display: none;\">\n<input type=\"hidden\" name=\"_wpcf7\" value=\"227\" \/>\n<input type=\"hidden\" name=\"_wpcf7_version\" value=\"5.9.2\" \/>\n<input type=\"hidden\" name=\"_wpcf7_locale\" value=\"de_DE\" \/>\n<input type=\"hidden\" name=\"_wpcf7_unit_tag\" value=\"wpcf7-f227-o1\" \/>\n<input type=\"hidden\" name=\"_wpcf7_container_post\" value=\"0\" \/>\n<input type=\"hidden\" name=\"_wpcf7_posted_data_hash\" value=\"\" \/>\n<\/div>\n<div class=\"anfrageformular\">\n\t<div class=\"halbfeld\">\n\t\t<lable>*Name\n\t\t<\/lable>\n\t\t<p><span class=\"wpcf7-form-control-wrap\" data-name=\"vorname\"><input size=\"40\" class=\"wpcf7-form-control wpcf7-text wpcf7-validates-as-required\" id=\"name\" aria-required=\"true\" aria-invalid=\"false\" value=\"\" type=\"text\" name=\"vorname\" \/><\/span>\n\t\t<\/p>\n\t<\/div>\n\t<div class=\"halbfeld\">\n\t\t<lable>*Surname\n\t\t<\/lable>\n\t\t<p><span class=\"wpcf7-form-control-wrap\" data-name=\"nachname\"><input size=\"40\" class=\"wpcf7-form-control wpcf7-text wpcf7-validates-as-required\" aria-required=\"true\" aria-invalid=\"false\" value=\"\" type=\"text\" name=\"nachname\" \/><\/span>\n\t\t<\/p>\n\t<\/div>\n\t<div class=\"halbfeld\">\n\t\t<lable>*E-Mail\n\t\t<\/lable>\n\t\t<p><span class=\"wpcf7-form-control-wrap\" data-name=\"email\"><input size=\"40\" class=\"wpcf7-form-control wpcf7-email wpcf7-validates-as-required wpcf7-text wpcf7-validates-as-email\" id=\"email\" aria-required=\"true\" aria-invalid=\"false\" value=\"\" type=\"email\" name=\"email\" \/><\/span>\n\t\t<\/p>\n\t<\/div>\n\t<div class=\"halbfeld\">\n\t\t<lable>Phone\n\t\t<\/lable>\n\t\t<p><span class=\"wpcf7-form-control-wrap\" data-name=\"telefon\"><input size=\"40\" class=\"wpcf7-form-control wpcf7-tel wpcf7-text wpcf7-validates-as-tel\" id=\"telefon\" aria-invalid=\"false\" value=\"\" type=\"tel\" name=\"telefon\" \/><\/span>\n\t\t<\/p>\n\t<\/div>\n\t<div class=\"halbfeld\">\n\t\t<lable>Street\n\t\t<\/lable>\n\t\t<p><span class=\"wpcf7-form-control-wrap\" data-name=\"strasse\"><input size=\"40\" class=\"wpcf7-form-control wpcf7-text\" id=\"strasse\" aria-invalid=\"false\" value=\"\" type=\"text\" name=\"strasse\" \/><\/span>\n\t\t<\/p>\n\t<\/div>\n\t<div class=\"halbfeld\">\n\t\t<lable>Postcode \/ town\n\t\t<\/lable>\n\t\t<p><span class=\"wpcf7-form-control-wrap\" data-name=\"plz\"><input size=\"40\" class=\"wpcf7-form-control wpcf7-text\" id=\"plz\" aria-invalid=\"false\" value=\"\" type=\"text\" name=\"plz\" \/><\/span>\n\t\t<\/p>\n\t<\/div>\n\t<div class=\"halbfeld\">\n\t\t<lable>*Arrival\n\t\t<\/lable>\n\t\t<p><span class=\"wpcf7-form-control-wrap\" data-name=\"anreise\"><input class=\"wpcf7-form-control wpcf7-date wpcf7-validates-as-required wpcf7-validates-as-date\" id=\"anreise\" aria-required=\"true\" aria-invalid=\"false\" value=\"\" type=\"date\" name=\"anreise\" \/><\/span>\n\t\t<\/p>\n\t<\/div>\n\t<div class=\"halbfeld\">\n\t\t<lable>*Departure\n\t\t<\/lable>\n\t\t<p><span class=\"wpcf7-form-control-wrap\" data-name=\"abreise\"><input class=\"wpcf7-form-control wpcf7-date wpcf7-validates-as-required wpcf7-validates-as-date\" id=\"abreise\" aria-required=\"true\" aria-invalid=\"false\" value=\"\" type=\"date\" name=\"abreise\" \/><\/span>\n\t\t<\/p>\n\t<\/div>\n\t<div class=\"halbfeld\">\n\t\t<lable>*Number of adults\n\t\t<\/lable>\n\t\t<p><span class=\"wpcf7-form-control-wrap\" data-name=\"erwachsene\"><input size=\"40\" class=\"wpcf7-form-control wpcf7-text\" id=\"erwachsene\" aria-invalid=\"false\" value=\"\" type=\"text\" name=\"erwachsene\" \/><\/span>\n\t\t<\/p>\n\t<\/div>\n\t<div class=\"halbfeld\">\n\t\t<lable>Number of children\n\t\t<\/lable>\n\t\t<p><span class=\"wpcf7-form-control-wrap\" data-name=\"kinder\"><input size=\"40\" class=\"wpcf7-form-control wpcf7-text\" id=\"kinder\" aria-invalid=\"false\" value=\"\" type=\"text\" name=\"kinder\" \/><\/span>\n\t\t<\/p>\n\t<\/div>\n\t<div class=\"ganzfeld\">\n\t\t<lable>Message\n\t\t<\/lable>\n\t\t<p><span class=\"wpcf7-form-control-wrap\" data-name=\"nachricht\"><textarea cols=\"40\" rows=\"10\" class=\"wpcf7-form-control wpcf7-textarea\" id=\"nachricht\" aria-invalid=\"false\" name=\"nachricht\"><\/textarea><\/span>\n\t\t<\/p>\n\t<\/div>\n\t<div class=\"ganzfeld\">\n\t\t<p>* Required fields\n\t\t<\/p>\n\t\t<p><span class=\"wpcf7-form-control-wrap\" data-name=\"datenschutz\"><span class=\"wpcf7-form-control wpcf7-acceptance\"><span class=\"wpcf7-list-item\"><label><input type=\"checkbox\" name=\"datenschutz\" value=\"1\" aria-invalid=\"false\" \/><span class=\"wpcf7-list-item-label\">I accept the <a href=\"https:\/\/www.lamendola.eu\/en\/privacy\">Privacy Policy<\/a><\/span><\/label><\/span><\/span><\/span>\n\t\t<\/p>\n\t<\/div>\n\t<p><input class=\"wpcf7-form-control wpcf7-submit has-spinner senden-button\" type=\"submit\" value=\"Send\" \/>\n\t<\/p>\n<\/div><input type='hidden' class='wpcf7-pum' value='{\"closepopup\":false,\"closedelay\":0,\"openpopup\":false,\"openpopup_id\":0}' \/><div class=\"wpcf7-response-output\" aria-hidden=\"true\"><\/div>\n<\/form>\n<\/div>\n<\/div>\n","protected":false},"excerpt":{"rendered":"<p>Enquiries Fields marked with * are mandatory<\/p>\n","protected":false},"author":1,"featured_media":0,"parent":0,"menu_order":0,"comment_status":"closed","ping_status":"closed","template":"","meta":{"footnotes":""},"yoast_head":"<!-- This site is optimized with the Yoast SEO plugin v22.2 - https:\/\/yoast.com\/wordpress\/plugins\/seo\/ -->\n<title>Chalet mieten am Mendelpass: der etwas andere Urlaub<\/title>\n<meta name=\"description\" content=\"Warum nicht einmal ein Chalet mieten? Romantische Ferientage in der Almh\u00fctte La Mendola, das Chalet mit stilvollem Luxus und viel Gem\u00fctlichkeit. Chalet mieten f\u00fcr Individualisten: mit Freunden, der Familie oder allein zu zweit!\" \/>\n<meta name=\"robots\" content=\"index, follow, max-snippet:-1, max-image-preview:large, max-video-preview:-1\" \/>\n<link rel=\"canonical\" href=\"https:\/\/www.lamendola.eu\/en\/enquries\/\" \/>\n<meta property=\"og:locale\" content=\"en_US\" \/>\n<meta property=\"og:type\" content=\"article\" \/>\n<meta property=\"og:title\" content=\"Chalet mieten am Mendelpass: der etwas andere Urlaub\" \/>\n<meta property=\"og:description\" content=\"Warum nicht einmal ein Chalet mieten? Romantische Ferientage in der Almh\u00fctte La Mendola, das Chalet mit stilvollem Luxus und viel Gem\u00fctlichkeit. Chalet mieten f\u00fcr Individualisten: mit Freunden, der Familie oder allein zu zweit!\" \/>\n<meta property=\"og:url\" content=\"https:\/\/www.lamendola.eu\/en\/enquries\/\" \/>\n<meta property=\"og:site_name\" content=\"lamendola\" \/>\n<meta property=\"article:modified_time\" content=\"2022-11-02T13:51:51+00:00\" \/>\n<meta name=\"twitter:card\" content=\"summary_large_image\" \/>\n<meta name=\"twitter:label1\" content=\"Est. reading time\" \/>\n\t<meta name=\"twitter:data1\" content=\"1 minute\" \/>\n<script type=\"application\/ld+json\" class=\"yoast-schema-graph\">{\"@context\":\"https:\/\/schema.org\",\"@graph\":[{\"@type\":\"WebPage\",\"@id\":\"https:\/\/www.lamendola.eu\/en\/enquries\/\",\"url\":\"https:\/\/www.lamendola.eu\/en\/enquries\/\",\"name\":\"Chalet mieten am Mendelpass: der etwas andere Urlaub\",\"isPartOf\":{\"@id\":\"https:\/\/www.lamendola.eu\/en\/#website\"},\"datePublished\":\"2022-11-02T13:51:46+00:00\",\"dateModified\":\"2022-11-02T13:51:51+00:00\",\"description\":\"Warum nicht einmal ein Chalet mieten? Romantische Ferientage in der Almh\u00fctte La Mendola, das Chalet mit stilvollem Luxus und viel Gem\u00fctlichkeit. Chalet mieten f\u00fcr Individualisten: mit Freunden, der Familie oder allein zu zweit!\",\"breadcrumb\":{\"@id\":\"https:\/\/www.lamendola.eu\/en\/enquries\/#breadcrumb\"},\"inLanguage\":\"en-US\",\"potentialAction\":[{\"@type\":\"ReadAction\",\"target\":[\"https:\/\/www.lamendola.eu\/en\/enquries\/\"]}]},{\"@type\":\"BreadcrumbList\",\"@id\":\"https:\/\/www.lamendola.eu\/en\/enquries\/#breadcrumb\",\"itemListElement\":[{\"@type\":\"ListItem\",\"position\":1,\"name\":\"Home\",\"item\":\"https:\/\/www.lamendola.eu\/en\/\"},{\"@type\":\"ListItem\",\"position\":2,\"name\":\"Enquries\"}]},{\"@type\":\"WebSite\",\"@id\":\"https:\/\/www.lamendola.eu\/en\/#website\",\"url\":\"https:\/\/www.lamendola.eu\/en\/\",\"name\":\"lamendola\",\"description\":\"Alm-Chalet\",\"potentialAction\":[{\"@type\":\"SearchAction\",\"target\":{\"@type\":\"EntryPoint\",\"urlTemplate\":\"https:\/\/www.lamendola.eu\/en\/?s={search_term_string}\"},\"query-input\":\"required name=search_term_string\"}],\"inLanguage\":\"en-US\"}]}<\/script>\n<!-- \/ Yoast SEO plugin. -->","yoast_head_json":{"title":"Chalet mieten am Mendelpass: der etwas andere Urlaub","description":"Warum nicht einmal ein Chalet mieten? Romantische Ferientage in der Almh\u00fctte La Mendola, das Chalet mit stilvollem Luxus und viel Gem\u00fctlichkeit. Chalet mieten f\u00fcr Individualisten: mit Freunden, der Familie oder allein zu zweit!","robots":{"index":"index","follow":"follow","max-snippet":"max-snippet:-1","max-image-preview":"max-image-preview:large","max-video-preview":"max-video-preview:-1"},"canonical":"https:\/\/www.lamendola.eu\/en\/enquries\/","og_locale":"en_US","og_type":"article","og_title":"Chalet mieten am Mendelpass: der etwas andere Urlaub","og_description":"Warum nicht einmal ein Chalet mieten? Romantische Ferientage in der Almh\u00fctte La Mendola, das Chalet mit stilvollem Luxus und viel Gem\u00fctlichkeit. Chalet mieten f\u00fcr Individualisten: mit Freunden, der Familie oder allein zu zweit!","og_url":"https:\/\/www.lamendola.eu\/en\/enquries\/","og_site_name":"lamendola","article_modified_time":"2022-11-02T13:51:51+00:00","twitter_card":"summary_large_image","twitter_misc":{"Est. reading time":"1 minute"},"schema":{"@context":"https:\/\/schema.org","@graph":[{"@type":"WebPage","@id":"https:\/\/www.lamendola.eu\/en\/enquries\/","url":"https:\/\/www.lamendola.eu\/en\/enquries\/","name":"Chalet mieten am Mendelpass: der etwas andere Urlaub","isPartOf":{"@id":"https:\/\/www.lamendola.eu\/en\/#website"},"datePublished":"2022-11-02T13:51:46+00:00","dateModified":"2022-11-02T13:51:51+00:00","description":"Warum nicht einmal ein Chalet mieten? Romantische Ferientage in der Almh\u00fctte La Mendola, das Chalet mit stilvollem Luxus und viel Gem\u00fctlichkeit. Chalet mieten f\u00fcr Individualisten: mit Freunden, der Familie oder allein zu zweit!","breadcrumb":{"@id":"https:\/\/www.lamendola.eu\/en\/enquries\/#breadcrumb"},"inLanguage":"en-US","potentialAction":[{"@type":"ReadAction","target":["https:\/\/www.lamendola.eu\/en\/enquries\/"]}]},{"@type":"BreadcrumbList","@id":"https:\/\/www.lamendola.eu\/en\/enquries\/#breadcrumb","itemListElement":[{"@type":"ListItem","position":1,"name":"Home","item":"https:\/\/www.lamendola.eu\/en\/"},{"@type":"ListItem","position":2,"name":"Enquries"}]},{"@type":"WebSite","@id":"https:\/\/www.lamendola.eu\/en\/#website","url":"https:\/\/www.lamendola.eu\/en\/","name":"lamendola","description":"Alm-Chalet","potentialAction":[{"@type":"SearchAction","target":{"@type":"EntryPoint","urlTemplate":"https:\/\/www.lamendola.eu\/en\/?s={search_term_string}"},"query-input":"required name=search_term_string"}],"inLanguage":"en-US"}]}},"_links":{"self":[{"href":"https:\/\/www.lamendola.eu\/en\/wp-json\/wp\/v2\/pages\/842"}],"collection":[{"href":"https:\/\/www.lamendola.eu\/en\/wp-json\/wp\/v2\/pages"}],"about":[{"href":"https:\/\/www.lamendola.eu\/en\/wp-json\/wp\/v2\/types\/page"}],"author":[{"embeddable":true,"href":"https:\/\/www.lamendola.eu\/en\/wp-json\/wp\/v2\/users\/1"}],"replies":[{"embeddable":true,"href":"https:\/\/www.lamendola.eu\/en\/wp-json\/wp\/v2\/comments?post=842"}],"version-history":[{"count":1,"href":"https:\/\/www.lamendola.eu\/en\/wp-json\/wp\/v2\/pages\/842\/revisions"}],"predecessor-version":[{"id":850,"href":"https:\/\/www.lamendola.eu\/en\/wp-json\/wp\/v2\/pages\/842\/revisions\/850"}],"wp:attachment":[{"href":"https:\/\/www.lamendola.eu\/en\/wp-json\/wp\/v2\/media?parent=842"}],"curies":[{"name":"wp","href":"https:\/\/api.w.org\/{rel}","templated":true}]}}