{"id":166,"date":"2021-03-09T07:46:17","date_gmt":"2021-03-09T07:46:17","guid":{"rendered":"https:\/\/www.lamendola.eu\/home\/"},"modified":"2026-04-01T06:35:52","modified_gmt":"2026-04-01T06:35:52","slug":"home","status":"publish","type":"page","link":"https:\/\/www.lamendola.eu\/en\/","title":{"rendered":"5-STAR CHALET"},"content":{"rendered":"\n<h1 class=\"wp-block-heading\">Holiday<\/h1>\n\n\n\n<h1 class=\"wp-block-heading unterueberschrift\">in South Tyrol | Trentino Italy<\/h1>\n\n\n\n<hr class=\"wp-block-separator has-text-color has-css-opacity has-background trennlinie\" style=\"background-color:#c9c8c7;color:#c9c8c7\"\/>\n\n\n\n<p>Experience the ultimate luxury holiday in South Tyrol at the exclusive La Mendola Alm-Chalet \u2013 perfect for families, friends, couples, dog owners, and anyone seeking relaxation and luxury.<\/p>\n\n\n\n<p>Nestled in the heart of the South Tyrolean \/ Trentino mountains, this stylish chalet is crafted from natural local materials and offers <strong>a private whirlpool, Finnish sauna<\/strong>, and alpine-inspired design full of warmth and atmosphere. Surrounded by breathtaking landscapes of South Tyrol and Trentino, it is a serene retreat for peaceful, rejuvenating days with your loved ones.<\/p>\n\n\n\n<p>La Mendola Chalet enchants with its authentic charm, light-filled rooms, and the pure simplicity of nature. Here, unforgettable memories are created naturally \u2013 in quiet moments, wide-open views, and the comforting feeling of being truly at home.<\/p>\n\n\n\n<p>Welcome to La Mendola. Welcome to your 5-star South Tyrol holiday.<\/p>\n\n\n\n<p><\/p>\n","protected":false},"excerpt":{"rendered":"<p>Holiday in South Tyrol | Trentino Italy Experience the ultimate luxury holiday in South Tyrol at the exclusive La Mendola Alm-Chalet \u2013 perfect for families, friends,<span class=\"excerpt-hellip\"> [\u2026]<\/span><\/p>\n","protected":false},"author":1,"featured_media":973,"parent":0,"menu_order":0,"comment_status":"closed","ping_status":"closed","template":"","meta":{"footnotes":""},"yoast_head":"<!-- This site is optimized with the Yoast SEO plugin v22.2 - https:\/\/yoast.com\/wordpress\/plugins\/seo\/ -->\n<title>Chalet mieten am Mendelpass: der etwas andere Urlaub<\/title>\n<meta name=\"description\" content=\"Warum nicht einmal ein Chalet mieten? Romantische Ferientage in der Almh\u00fctte La Mendola, das Chalet mit stilvollem Luxus und viel Gem\u00fctlichkeit. Chalet mieten f\u00fcr Individualisten: mit Freunden, der Familie oder allein zu zweit!\" \/>\n<meta name=\"robots\" content=\"index, follow, max-snippet:-1, max-image-preview:large, max-video-preview:-1\" \/>\n<link rel=\"canonical\" href=\"https:\/\/www.lamendola.eu\/en\/\" \/>\n<meta property=\"og:locale\" content=\"en_US\" \/>\n<meta property=\"og:type\" content=\"article\" \/>\n<meta property=\"og:title\" content=\"Chalet mieten am Mendelpass: der etwas andere Urlaub\" \/>\n<meta property=\"og:description\" content=\"Warum nicht einmal ein Chalet mieten? Romantische Ferientage in der Almh\u00fctte La Mendola, das Chalet mit stilvollem Luxus und viel Gem\u00fctlichkeit. Chalet mieten f\u00fcr Individualisten: mit Freunden, der Familie oder allein zu zweit!\" \/>\n<meta property=\"og:url\" content=\"https:\/\/www.lamendola.eu\/en\/\" \/>\n<meta property=\"og:site_name\" content=\"lamendola\" \/>\n<meta property=\"article:modified_time\" content=\"2026-04-01T06:35:52+00:00\" \/>\n<meta property=\"og:image\" content=\"https:\/\/www.lamendola.eu\/wp-content\/uploads\/La_Mendola_Outdoor_Jacuzzi\u00a9NadinCarli-20-scaled.jpg\" \/>\n\t<meta property=\"og:image:width\" content=\"2560\" \/>\n\t<meta property=\"og:image:height\" content=\"1707\" \/>\n\t<meta property=\"og:image:type\" content=\"image\/jpeg\" \/>\n<meta name=\"twitter:card\" content=\"summary_large_image\" \/>\n<meta name=\"twitter:label1\" content=\"Est. reading time\" \/>\n\t<meta name=\"twitter:data1\" content=\"1 minute\" \/>\n<script type=\"application\/ld+json\" class=\"yoast-schema-graph\">{\"@context\":\"https:\/\/schema.org\",\"@graph\":[{\"@type\":\"WebPage\",\"@id\":\"https:\/\/www.lamendola.eu\/en\/\",\"url\":\"https:\/\/www.lamendola.eu\/en\/\",\"name\":\"Chalet mieten am Mendelpass: der etwas andere Urlaub\",\"isPartOf\":{\"@id\":\"https:\/\/www.lamendola.eu\/en\/#website\"},\"primaryImageOfPage\":{\"@id\":\"https:\/\/www.lamendola.eu\/en\/#primaryimage\"},\"image\":{\"@id\":\"https:\/\/www.lamendola.eu\/en\/#primaryimage\"},\"thumbnailUrl\":\"https:\/\/www.lamendola.eu\/wp-content\/uploads\/La_Mendola_Outdoor_Jacuzzi\u00a9NadinCarli-20-scaled.jpg\",\"datePublished\":\"2021-03-09T07:46:17+00:00\",\"dateModified\":\"2026-04-01T06:35:52+00:00\",\"description\":\"Warum nicht einmal ein Chalet mieten? Romantische Ferientage in der Almh\u00fctte La Mendola, das Chalet mit stilvollem Luxus und viel Gem\u00fctlichkeit. Chalet mieten f\u00fcr Individualisten: mit Freunden, der Familie oder allein zu zweit!\",\"breadcrumb\":{\"@id\":\"https:\/\/www.lamendola.eu\/en\/#breadcrumb\"},\"inLanguage\":\"en-US\",\"potentialAction\":[{\"@type\":\"ReadAction\",\"target\":[\"https:\/\/www.lamendola.eu\/en\/\"]}]},{\"@type\":\"ImageObject\",\"inLanguage\":\"en-US\",\"@id\":\"https:\/\/www.lamendola.eu\/en\/#primaryimage\",\"url\":\"https:\/\/www.lamendola.eu\/wp-content\/uploads\/La_Mendola_Outdoor_Jacuzzi\u00a9NadinCarli-20-scaled.jpg\",\"contentUrl\":\"https:\/\/www.lamendola.eu\/wp-content\/uploads\/La_Mendola_Outdoor_Jacuzzi\u00a9NadinCarli-20-scaled.jpg\",\"width\":2560,\"height\":1707},{\"@type\":\"BreadcrumbList\",\"@id\":\"https:\/\/www.lamendola.eu\/en\/#breadcrumb\",\"itemListElement\":[{\"@type\":\"ListItem\",\"position\":1,\"name\":\"Home\",\"item\":\"https:\/\/www.lamendola.eu\/en\/\"},{\"@type\":\"ListItem\",\"position\":2,\"name\":\"5-STAR CHALET\"}]},{\"@type\":\"WebSite\",\"@id\":\"https:\/\/www.lamendola.eu\/en\/#website\",\"url\":\"https:\/\/www.lamendola.eu\/en\/\",\"name\":\"lamendola\",\"description\":\"Alm-Chalet\",\"potentialAction\":[{\"@type\":\"SearchAction\",\"target\":{\"@type\":\"EntryPoint\",\"urlTemplate\":\"https:\/\/www.lamendola.eu\/en\/?s={search_term_string}\"},\"query-input\":\"required name=search_term_string\"}],\"inLanguage\":\"en-US\"}]}<\/script>\n<!-- \/ Yoast SEO plugin. -->","yoast_head_json":{"title":"Chalet mieten am Mendelpass: der etwas andere Urlaub","description":"Warum nicht einmal ein Chalet mieten? Romantische Ferientage in der Almh\u00fctte La Mendola, das Chalet mit stilvollem Luxus und viel Gem\u00fctlichkeit. Chalet mieten f\u00fcr Individualisten: mit Freunden, der Familie oder allein zu zweit!","robots":{"index":"index","follow":"follow","max-snippet":"max-snippet:-1","max-image-preview":"max-image-preview:large","max-video-preview":"max-video-preview:-1"},"canonical":"https:\/\/www.lamendola.eu\/en\/","og_locale":"en_US","og_type":"article","og_title":"Chalet mieten am Mendelpass: der etwas andere Urlaub","og_description":"Warum nicht einmal ein Chalet mieten? Romantische Ferientage in der Almh\u00fctte La Mendola, das Chalet mit stilvollem Luxus und viel Gem\u00fctlichkeit. Chalet mieten f\u00fcr Individualisten: mit Freunden, der Familie oder allein zu zweit!","og_url":"https:\/\/www.lamendola.eu\/en\/","og_site_name":"lamendola","article_modified_time":"2026-04-01T06:35:52+00:00","og_image":[{"width":2560,"height":1707,"url":"https:\/\/www.lamendola.eu\/wp-content\/uploads\/La_Mendola_Outdoor_Jacuzzi\u00a9NadinCarli-20-scaled.jpg","type":"image\/jpeg"}],"twitter_card":"summary_large_image","twitter_misc":{"Est. reading time":"1 minute"},"schema":{"@context":"https:\/\/schema.org","@graph":[{"@type":"WebPage","@id":"https:\/\/www.lamendola.eu\/en\/","url":"https:\/\/www.lamendola.eu\/en\/","name":"Chalet mieten am Mendelpass: der etwas andere Urlaub","isPartOf":{"@id":"https:\/\/www.lamendola.eu\/en\/#website"},"primaryImageOfPage":{"@id":"https:\/\/www.lamendola.eu\/en\/#primaryimage"},"image":{"@id":"https:\/\/www.lamendola.eu\/en\/#primaryimage"},"thumbnailUrl":"https:\/\/www.lamendola.eu\/wp-content\/uploads\/La_Mendola_Outdoor_Jacuzzi\u00a9NadinCarli-20-scaled.jpg","datePublished":"2021-03-09T07:46:17+00:00","dateModified":"2026-04-01T06:35:52+00:00","description":"Warum nicht einmal ein Chalet mieten? Romantische Ferientage in der Almh\u00fctte La Mendola, das Chalet mit stilvollem Luxus und viel Gem\u00fctlichkeit. Chalet mieten f\u00fcr Individualisten: mit Freunden, der Familie oder allein zu zweit!","breadcrumb":{"@id":"https:\/\/www.lamendola.eu\/en\/#breadcrumb"},"inLanguage":"en-US","potentialAction":[{"@type":"ReadAction","target":["https:\/\/www.lamendola.eu\/en\/"]}]},{"@type":"ImageObject","inLanguage":"en-US","@id":"https:\/\/www.lamendola.eu\/en\/#primaryimage","url":"https:\/\/www.lamendola.eu\/wp-content\/uploads\/La_Mendola_Outdoor_Jacuzzi\u00a9NadinCarli-20-scaled.jpg","contentUrl":"https:\/\/www.lamendola.eu\/wp-content\/uploads\/La_Mendola_Outdoor_Jacuzzi\u00a9NadinCarli-20-scaled.jpg","width":2560,"height":1707},{"@type":"BreadcrumbList","@id":"https:\/\/www.lamendola.eu\/en\/#breadcrumb","itemListElement":[{"@type":"ListItem","position":1,"name":"Home","item":"https:\/\/www.lamendola.eu\/en\/"},{"@type":"ListItem","position":2,"name":"5-STAR CHALET"}]},{"@type":"WebSite","@id":"https:\/\/www.lamendola.eu\/en\/#website","url":"https:\/\/www.lamendola.eu\/en\/","name":"lamendola","description":"Alm-Chalet","potentialAction":[{"@type":"SearchAction","target":{"@type":"EntryPoint","urlTemplate":"https:\/\/www.lamendola.eu\/en\/?s={search_term_string}"},"query-input":"required name=search_term_string"}],"inLanguage":"en-US"}]}},"_links":{"self":[{"href":"https:\/\/www.lamendola.eu\/en\/wp-json\/wp\/v2\/pages\/166"}],"collection":[{"href":"https:\/\/www.lamendola.eu\/en\/wp-json\/wp\/v2\/pages"}],"about":[{"href":"https:\/\/www.lamendola.eu\/en\/wp-json\/wp\/v2\/types\/page"}],"author":[{"embeddable":true,"href":"https:\/\/www.lamendola.eu\/en\/wp-json\/wp\/v2\/users\/1"}],"replies":[{"embeddable":true,"href":"https:\/\/www.lamendola.eu\/en\/wp-json\/wp\/v2\/comments?post=166"}],"version-history":[{"count":9,"href":"https:\/\/www.lamendola.eu\/en\/wp-json\/wp\/v2\/pages\/166\/revisions"}],"predecessor-version":[{"id":1051,"href":"https:\/\/www.lamendola.eu\/en\/wp-json\/wp\/v2\/pages\/166\/revisions\/1051"}],"wp:featuredmedia":[{"embeddable":true,"href":"https:\/\/www.lamendola.eu\/en\/wp-json\/wp\/v2\/media\/973"}],"wp:attachment":[{"href":"https:\/\/www.lamendola.eu\/en\/wp-json\/wp\/v2\/media?parent=166"}],"curies":[{"name":"wp","href":"https:\/\/api.w.org\/{rel}","templated":true}]}}